{"id":85,"date":"2025-07-13T18:59:13","date_gmt":"2025-07-13T18:59:13","guid":{"rendered":"https:\/\/www.kliona.se\/home\/"},"modified":"2025-11-04T21:32:33","modified_gmt":"2025-11-04T21:32:33","slug":"home","status":"publish","type":"page","link":"https:\/\/www.kliona.se\/en\/","title":{"rendered":"Home"},"content":{"rendered":"<h2 class=\"wp-block-heading has-text-align-center\" style=\"padding-top:0;padding-bottom:0\">WELCOME TO KLIONA<\/h2>\n\n\n\n<p><\/p>\n\n\n\n<div class=\"wp-block-group alignwide has-background-background-color has-background is-nowrap is-layout-flex wp-container-core-group-is-layout-efe5b461 wp-block-group-is-layout-flex\" style=\"margin-top:0;margin-bottom:0;padding-top:var(--wp--preset--spacing--20);padding-right:0;padding-bottom:var(--wp--preset--spacing--20);padding-left:0\">\n<div class=\"wp-block-columns alignwide are-vertically-aligned-top is-layout-flex wp-container-core-columns-is-layout-9c22b1e3 wp-block-columns-is-layout-flex\">\n<div class=\"wp-block-column is-vertically-aligned-top is-layout-flow wp-block-column-is-layout-flow\">\n<p>Kliona is more than a consultancy. It is a philosophy born from a passion for turning possibility into progress with innovative, unique and resultdriven ideas - internationally.<\/p>\n\n\n\n<p>Founded on the belief that growth of your business should be as human centered as it is data driven. Kliona blends rigorous analysis with creativity to unlock new horizons for individuals and organizations alike.<\/p>\n\n\n\n<p>Think of us as your embedded partner who organises, networks, strategises, and solves problems with integrity, clarity, and care.<\/p>\n\n\n\n<div class=\"wp-block-buttons has-custom-font-size has-small-font-size is-content-justification-center is-layout-flex wp-container-core-buttons-is-layout-9997d83b wp-block-buttons-is-layout-flex\" style=\"margin-top:var(--wp--preset--spacing--40);padding-right:0;padding-left:0\">\n<div class=\"wp-block-button has-custom-width wp-block-button__width-50\"><a class=\"wp-block-button__link wp-element-button\" href=\"https:\/\/www.kliona.se\/en\/om\/\">Read More<\/a><\/div>\n<\/div>\n<\/div>\n<\/div>\n\n\n\n<figure class=\"wp-block-image alignleft is-resized has-custom-border extendify-image-import is-style-default\"><img decoding=\"async\" src=\"https:\/\/images.unsplash.com\/photo-1553877522-43269d4ea984?ixid=M3w0MzUxNjF8MHwxfHNlYXJjaHw3fHxidXNpbmVzcyUyMGNvbnN1bHRpbmd8ZW58MHx8fHwxNzUyMDUzNzU3fDA&amp;ixlib=rb-4.1.0&amp;orientation=landscape?fit=crop&amp;crop=entropy%2Cfaces&amp;auto=format%2Ccompress&amp;w=1280\" alt=\"\" style=\"border-top-left-radius:1rem;border-top-right-radius:1rem;border-bottom-left-radius:1rem;border-bottom-right-radius:1rem;aspect-ratio:1;object-fit:cover;width:636px;height:auto\"\/><\/figure>\n<\/div>\n\n\n\n<div class=\"wp-block-group alignfull has-background-background-color has-background is-layout-flow wp-container-core-group-is-layout-e0b84ae6 wp-block-group-is-layout-flow\" id=\"contact\" style=\"margin-top:0;margin-bottom:0;padding-top:var(--wp--preset--spacing--60);padding-right:var(--wp--preset--spacing--80);padding-bottom:var(--wp--preset--spacing--60);padding-left:var(--wp--preset--spacing--80)\">\n<div class=\"wp-block-group is-layout-flow wp-block-group-is-layout-flow\" style=\"margin-bottom:var(--wp--preset--spacing--40)\">\n<h2 class=\"wp-block-heading has-large-font-size\">Strategic Services for Innovation Seeking Companies<\/h2>\n\n\n\n<p style=\"margin-top:1rem\">Please reach out to us for a first consultation to talk more about how we can help you!<\/p>\n<\/div>\n\n\n<style id=\"wpforms-css-vars-79-block-9afe8130-2d97-4b16-9810-df903f92a81c\">\n\t\t\t\t#wpforms-79.wpforms-block-9afe8130-2d97-4b16-9810-df903f92a81c {\n\t\t\t\t--wpforms-field-size-input-height: 43px;\n--wpforms-field-size-input-spacing: 15px;\n--wpforms-field-size-font-size: 16px;\n--wpforms-field-size-line-height: 19px;\n--wpforms-field-size-padding-h: 14px;\n--wpforms-field-size-checkbox-size: 16px;\n--wpforms-field-size-sublabel-spacing: 5px;\n--wpforms-field-size-icon-size: 1;\n--wpforms-label-size-font-size: 16px;\n--wpforms-label-size-line-height: 19px;\n--wpforms-label-size-sublabel-font-size: 14px;\n--wpforms-label-size-sublabel-line-height: 17px;\n--wpforms-button-size-font-size: 17px;\n--wpforms-button-size-height: 41px;\n--wpforms-button-size-padding-h: 15px;\n--wpforms-button-size-margin-top: 10px;\n\n\t\t\t}\n\t\t\t<\/style><div class=\"wpforms-container wpforms-container-full wpforms-block wpforms-block-9afe8130-2d97-4b16-9810-df903f92a81c wpforms-render-modern\" id=\"wpforms-79\"><form id=\"wpforms-form-79\" class=\"wpforms-validate wpforms-form wpforms-ajax-form\" data-formid=\"79\" method=\"post\" enctype=\"multipart\/form-data\" action=\"\/en\/wp-json\/wp\/v2\/pages\/85\" data-token=\"2db2abc0432f67b4df7ba1f1651c4790\" data-token-time=\"1776530744\" data-trp-original-action=\"\/en\/wp-json\/wp\/v2\/pages\/85\"><noscript class=\"wpforms-error-noscript\">Please enable JavaScript in your browser to complete this form.<\/noscript><div id=\"wpforms-error-noscript\" style=\"display: none;\">Please enable JavaScript in your browser to complete this form.<\/div><div class=\"wpforms-field-container\"><div id=\"wpforms-79-field_1-container\" class=\"wpforms-field wpforms-field-name\" data-field-id=\"1\"><label class=\"wpforms-field-label\" for=\"wpforms-79-field_1\">Name <span class=\"wpforms-required-label\" aria-hidden=\"true\">*<\/span><\/label><input type=\"text\" id=\"wpforms-79-field_1\" class=\"wpforms-field-large wpforms-field-required\" name=\"wpforms[fields][1]\" aria-errormessage=\"wpforms-79-field_1-error\" required><\/div><div id=\"wpforms-79-field_2-container\" class=\"wpforms-field wpforms-field-email\" data-field-id=\"2\"><label class=\"wpforms-field-label\" for=\"wpforms-79-field_2\">Email <span class=\"wpforms-required-label\" aria-hidden=\"true\">*<\/span><\/label><input type=\"email\" id=\"wpforms-79-field_2\" class=\"wpforms-field-large wpforms-field-required\" name=\"wpforms[fields][2]\" spellcheck=\"false\" aria-errormessage=\"wpforms-79-field_2-error\" required><\/div><div id=\"wpforms-79-field_3-container\" class=\"wpforms-field wpforms-field-text\" data-field-id=\"3\"><label class=\"wpforms-field-label\" for=\"wpforms-79-field_3\">Subject<\/label><input type=\"text\" id=\"wpforms-79-field_3\" class=\"wpforms-field-large\" name=\"wpforms[fields][3]\" aria-errormessage=\"wpforms-79-field_3-error\" ><\/div>\t\t<div id=\"wpforms-79-field_5-container\"\n\t\t\tclass=\"wpforms-field wpforms-field-text\"\n\t\t\tdata-field-type=\"text\"\n\t\t\tdata-field-id=\"5\"\n\t\t\t>\n\t\t\t<label class=\"wpforms-field-label\" for=\"wpforms-79-field_5\" >Subject Email Message<\/label>\n\t\t\t<input type=\"text\" id=\"wpforms-79-field_5\" class=\"wpforms-field-medium\" name=\"wpforms[fields][5]\" >\n\t\t<\/div>\n\t\t<div id=\"wpforms-79-field_4-container\" class=\"wpforms-field wpforms-field-textarea\" data-field-id=\"4\"><label class=\"wpforms-field-label\" for=\"wpforms-79-field_4\">Message <span class=\"wpforms-required-label\" aria-hidden=\"true\">*<\/span><\/label><textarea id=\"wpforms-79-field_4\" class=\"wpforms-field-large wpforms-field-required\" name=\"wpforms[fields][4]\" aria-errormessage=\"wpforms-79-field_4-error\" required><\/textarea><\/div><script>\n\t\t\t\t( function() {\n\t\t\t\t\tconst style = document.createElement( 'style' );\n\t\t\t\t\tstyle.appendChild( document.createTextNode( '#wpforms-79-field_5-container { position: absolute !important; overflow: hidden !important; display: inline !important; height: 1px !important; width: 1px !important; z-index: -1000 !important; padding: 0 !important; } #wpforms-79-field_5-container input { visibility: hidden; } #wpforms-conversational-form-page #wpforms-79-field_5-container label { counter-increment: none; }' ) );\n\t\t\t\t\tdocument.head.appendChild( style );\n\t\t\t\t\tdocument.currentScript?.remove();\n\t\t\t\t} )();\n\t\t\t<\/script><\/div><!-- .wpforms-field-container --><div class=\"wpforms-submit-container\" ><input type=\"hidden\" name=\"wpforms[id]\" value=\"79\"><input type=\"hidden\" name=\"page_title\" value=\"\"><input type=\"hidden\" name=\"page_url\" value=\"https:\/\/www.kliona.se\/en\/wp-json\/wp\/v2\/pages\/85\"><input type=\"hidden\" name=\"url_referer\" value=\"\"><button type=\"submit\" name=\"wpforms[submit]\" id=\"wpforms-submit-79\" class=\"wpforms-submit\" data-alt-text=\"Sending...\" data-submit-text=\"Submit\" aria-live=\"assertive\" value=\"wpforms-submit\">Submit<\/button><img decoding=\"async\" src=\"https:\/\/www.kliona.se\/wp-content\/plugins\/wpforms-lite\/assets\/images\/submit-spin.svg\" class=\"wpforms-submit-spinner\" style=\"display: none;\" width=\"26\" height=\"26\" alt=\"Loading\"><\/div><input type=\"hidden\" name=\"trp-form-language\" value=\"en\"\/><\/form><\/div>  <!-- .wpforms-container --><\/div>","protected":false},"excerpt":{"rendered":"<p>V\u00c4LKOMMEN TILL KLIONA Kliona \u00e4r mer \u00e4n ett konsultf\u00f6retag. Det \u00e4r en filosofi, f\u00f6dd ur en passion f\u00f6r att f\u00f6rvandla m\u00f6jligheter till framsteg genom innovativa, unika och resultatinriktade id\u00e9er \u2013 internationellt. Grundat i \u00f6vertygelsen att tillv\u00e4xt ska vara lika m\u00e4nniskocentrerad som datadriven. Kliona kombinerar noggrann analys med kreativitet f\u00f6r att \u00f6ppna nya horisonter f\u00f6r b\u00e5de [&hellip;]<\/p>","protected":false},"author":1,"featured_media":0,"parent":0,"menu_order":0,"comment_status":"closed","ping_status":"closed","template":"no-title","meta":{"footnotes":""},"class_list":["post-85","page","type-page","status-publish","hentry"],"_links":{"self":[{"href":"https:\/\/www.kliona.se\/en\/wp-json\/wp\/v2\/pages\/85","targetHints":{"allow":["GET"]}}],"collection":[{"href":"https:\/\/www.kliona.se\/en\/wp-json\/wp\/v2\/pages"}],"about":[{"href":"https:\/\/www.kliona.se\/en\/wp-json\/wp\/v2\/types\/page"}],"author":[{"embeddable":true,"href":"https:\/\/www.kliona.se\/en\/wp-json\/wp\/v2\/users\/1"}],"replies":[{"embeddable":true,"href":"https:\/\/www.kliona.se\/en\/wp-json\/wp\/v2\/comments?post=85"}],"version-history":[{"count":27,"href":"https:\/\/www.kliona.se\/en\/wp-json\/wp\/v2\/pages\/85\/revisions"}],"predecessor-version":[{"id":289,"href":"https:\/\/www.kliona.se\/en\/wp-json\/wp\/v2\/pages\/85\/revisions\/289"}],"wp:attachment":[{"href":"https:\/\/www.kliona.se\/en\/wp-json\/wp\/v2\/media?parent=85"}],"curies":[{"name":"wp","href":"https:\/\/api.w.org\/{rel}","templated":true}]}}