{"id":84,"date":"2025-07-13T18:59:12","date_gmt":"2025-07-13T18:59:12","guid":{"rendered":"https:\/\/www.kliona.se\/rekommendationer\/"},"modified":"2025-11-04T20:59:20","modified_gmt":"2025-11-04T20:59:20","slug":"industrier","status":"publish","type":"page","link":"https:\/\/www.kliona.se\/en\/industrier\/","title":{"rendered":"Industries"},"content":{"rendered":"<div class=\"wp-block-group alignfull has-background-background-color has-background has-global-padding is-layout-constrained wp-container-core-group-is-layout-33e8f939 wp-block-group-is-layout-constrained\" id=\"testimonials\" style=\"margin-top:0;margin-bottom:0;padding-top:0;padding-right:var(--wp--preset--spacing--30);padding-bottom:0;padding-left:var(--wp--preset--spacing--30)\">\n<div class=\"wp-block-group alignwide is-layout-flow wp-container-core-group-is-layout-1e7d2951 wp-block-group-is-layout-flow\" style=\"border-style:none;border-width:0px;border-radius:0px;margin-top:0;margin-bottom:0;padding-right:var(--wp--preset--spacing--60);padding-left:var(--wp--preset--spacing--60)\">\n<h3 class=\"wp-block-heading has-text-align-left\" style=\"margin-top:12px\">OUR INDUSTRIES &amp; EXPERIENCE<\/h3>\n\n\n\n<p class=\"has-text-align-left\" style=\"margin-top:16px;margin-right:0\">We\u2019ve had the privilege of working across several different industries \u2013 giving us deep insight into both people and processes. This diversity allows us to adapt quickly, see the bigger picture, and suggest solutions that truly work.<\/p>\n\n\n\n<hr class=\"wp-block-separator has-alpha-channel-opacity\"\/>\n\n\n\n<h3 class=\"wp-block-heading\"><strong>Entrepreneurship &amp; Strategic Development<\/strong><\/h3>\n\n\n\n<p>Business growth, structural optimization, and project management \u2013 from start-up strategy to sustainable expansion and business development.<\/p>\n\n\n\n<h3 class=\"wp-block-heading\"><strong>Marketing Strategy &amp; Brand Development<\/strong><\/h3>\n\n\n\n<p>Strategic and creative communication and identity creation \u2013 shaping authentic brands through strategic marketing, storytelling, and customer experience design.<\/p>\n\n\n\n<h3 class=\"wp-block-heading\"><strong>Hospitality &amp; Experience Management <\/strong><\/h3>\n\n\n\n<p>Expertise in guest journey, service flow, and event design \u2013 creating seamless experiences and environments where people feel connected and inspired.<\/p>\n<\/div>\n<\/div>\n\n\n\n<p class=\"has-text-align-center has-tertiary-background-color has-background has-large-font-size\" style=\"border-width:14px\"><strong>We turn ideas into structure and strategy into results \u2013 we know how to make things happen.\nWhere others see complexity, we see the future, the connections \u2013 and that\u2019s where strategy is born! <\/strong><\/p>\n\n\n\n<p><\/p>\n\n\n\n<hr class=\"wp-block-separator has-alpha-channel-opacity is-style-wide\"\/>\n\n\n\n<div class=\"wp-block-group is-nowrap is-layout-flex wp-container-core-group-is-layout-6c531013 wp-block-group-is-layout-flex\">\n<figure class=\"wp-block-image size-full is-resized\"><a href=\"https:\/\/salusnaringsklinik.se\/\"><img fetchpriority=\"high\" decoding=\"async\" width=\"250\" height=\"250\" src=\"https:\/\/www.kliona.se\/wp-content\/uploads\/2025\/09\/LOGOS-1.png\" alt=\"\" class=\"wp-image-216\" style=\"width:176px;height:auto\" srcset=\"https:\/\/www.kliona.se\/wp-content\/uploads\/2025\/09\/LOGOS-1.png 250w, https:\/\/www.kliona.se\/wp-content\/uploads\/2025\/09\/LOGOS-1-150x150.png 150w, https:\/\/www.kliona.se\/wp-content\/uploads\/2025\/09\/LOGOS-1-12x12.png 12w\" sizes=\"(max-width: 250px) 100vw, 250px\" \/><\/a><\/figure>\n\n\n\n<pre class=\"wp-block-verse\">A strong cooperation for the greater good of peoples health, Kliona has been an amazing help with our marketing strategy for newly opened business, as well as generating new clients! Thank you!<br>- Salus<\/pre>\n<\/div>","protected":false},"excerpt":{"rendered":"<p>V\u00c5RA INDUSTRIOMR\u00c5DEN Vi har haft f\u00f6rm\u00e5nen att arbeta inom flera olika branscher \u2013 vilket har gett oss djup f\u00f6rst\u00e5else f\u00f6r b\u00e5de m\u00e4nniskor och processer. Denna variation g\u00f6r att vi snabbt kan anpassa oss, se helheten och f\u00f6resl\u00e5 l\u00f6sningar som verkligen fungerar. Entrepren\u00f6rskap &amp; Strategisk Utveckling Aff\u00e4rstillv\u00e4xt, strukturell optimering och projektledning \u2013 fr\u00e5n start-up strategi till [&hellip;]<\/p>","protected":false},"author":1,"featured_media":0,"parent":0,"menu_order":0,"comment_status":"closed","ping_status":"closed","template":"no-title","meta":{"footnotes":""},"class_list":["post-84","page","type-page","status-publish","hentry"],"_links":{"self":[{"href":"https:\/\/www.kliona.se\/en\/wp-json\/wp\/v2\/pages\/84","targetHints":{"allow":["GET"]}}],"collection":[{"href":"https:\/\/www.kliona.se\/en\/wp-json\/wp\/v2\/pages"}],"about":[{"href":"https:\/\/www.kliona.se\/en\/wp-json\/wp\/v2\/types\/page"}],"author":[{"embeddable":true,"href":"https:\/\/www.kliona.se\/en\/wp-json\/wp\/v2\/users\/1"}],"replies":[{"embeddable":true,"href":"https:\/\/www.kliona.se\/en\/wp-json\/wp\/v2\/comments?post=84"}],"version-history":[{"count":18,"href":"https:\/\/www.kliona.se\/en\/wp-json\/wp\/v2\/pages\/84\/revisions"}],"predecessor-version":[{"id":264,"href":"https:\/\/www.kliona.se\/en\/wp-json\/wp\/v2\/pages\/84\/revisions\/264"}],"wp:attachment":[{"href":"https:\/\/www.kliona.se\/en\/wp-json\/wp\/v2\/media?parent=84"}],"curies":[{"name":"wp","href":"https:\/\/api.w.org\/{rel}","templated":true}]}}