{"id":82,"date":"2025-07-13T18:59:11","date_gmt":"2025-07-13T18:59:11","guid":{"rendered":"https:\/\/www.kliona.se\/kontakt\/"},"modified":"2025-11-04T21:03:45","modified_gmt":"2025-11-04T21:03:45","slug":"kontakt","status":"publish","type":"page","link":"https:\/\/www.kliona.se\/en\/kontakt\/","title":{"rendered":"Contact"},"content":{"rendered":"<div class=\"wp-block-group alignfull has-background-background-color has-background has-global-padding is-layout-constrained wp-container-core-group-is-layout-2bfc23a3 wp-block-group-is-layout-constrained\" id=\"contact\" style=\"margin-top:0;margin-bottom:0;padding-top:var(--wp--preset--spacing--40);padding-right:var(--wp--preset--spacing--60);padding-bottom:var(--wp--preset--spacing--40);padding-left:var(--wp--preset--spacing--60)\">\n<div class=\"wp-block-columns alignwide is-layout-flex wp-container-core-columns-is-layout-fa584acd wp-block-columns-is-layout-flex\">\n<div class=\"wp-block-column is-layout-flow wp-block-column-is-layout-flow\" style=\"flex-basis:50%\">\n<div class=\"wp-block-group has-global-padding is-layout-constrained wp-block-group-is-layout-constrained\" style=\"margin-bottom:var(--wp--preset--spacing--40)\">\n<h2 class=\"wp-block-heading has-large-font-size\">CONTACT US TODAY!<\/h2>\n\n\n\n<p>How can we help, be part of your team &amp; help you grow?<\/p>\n\n\n\n<p style=\"margin-top:1rem\">Whether you are launching a new initiative, revitalising your brand, or seeking efficiencies that scale, Kliona is ready to partner with you. Book a complimentary discovery session to explore how we can turn your ideas into impactful realities.<\/p>\n<\/div>\n\n\n<div class=\"wpforms-container wpforms-container-full wpforms-block wpforms-block-9afe8130-2d97-4b16-9810-df903f92a81c wpforms-render-modern\" id=\"wpforms-79\"><form id=\"wpforms-form-79\" class=\"wpforms-validate wpforms-form wpforms-ajax-form\" data-formid=\"79\" method=\"post\" enctype=\"multipart\/form-data\" action=\"\/en\/wp-json\/wp\/v2\/pages\/82\" data-token=\"2db2abc0432f67b4df7ba1f1651c4790\" data-token-time=\"1776536816\" data-trp-original-action=\"\/en\/wp-json\/wp\/v2\/pages\/82\"><noscript class=\"wpforms-error-noscript\">Please enable JavaScript in your browser to complete this form.<\/noscript><div id=\"wpforms-error-noscript\" style=\"display: none;\">Please enable JavaScript in your browser to complete this form.<\/div><div class=\"wpforms-field-container\"><div id=\"wpforms-79-field_1-container\" class=\"wpforms-field wpforms-field-name\" data-field-id=\"1\"><label class=\"wpforms-field-label\" for=\"wpforms-79-field_1\">Name <span class=\"wpforms-required-label\" aria-hidden=\"true\">*<\/span><\/label><input type=\"text\" id=\"wpforms-79-field_1\" class=\"wpforms-field-large wpforms-field-required\" name=\"wpforms[fields][1]\" aria-errormessage=\"wpforms-79-field_1-error\" required><\/div><div id=\"wpforms-79-field_2-container\" class=\"wpforms-field wpforms-field-email\" data-field-id=\"2\"><label class=\"wpforms-field-label\" for=\"wpforms-79-field_2\">Email <span class=\"wpforms-required-label\" aria-hidden=\"true\">*<\/span><\/label><input type=\"email\" id=\"wpforms-79-field_2\" class=\"wpforms-field-large wpforms-field-required\" name=\"wpforms[fields][2]\" spellcheck=\"false\" aria-errormessage=\"wpforms-79-field_2-error\" required><\/div>\t\t<div id=\"wpforms-79-field_5-container\"\n\t\t\tclass=\"wpforms-field wpforms-field-text\"\n\t\t\tdata-field-type=\"text\"\n\t\t\tdata-field-id=\"5\"\n\t\t\t>\n\t\t\t<label class=\"wpforms-field-label\" for=\"wpforms-79-field_5\" >Email Message Name<\/label>\n\t\t\t<input type=\"text\" id=\"wpforms-79-field_5\" class=\"wpforms-field-medium\" name=\"wpforms[fields][5]\" >\n\t\t<\/div>\n\t\t<div id=\"wpforms-79-field_3-container\" class=\"wpforms-field wpforms-field-text\" data-field-id=\"3\"><label class=\"wpforms-field-label\" for=\"wpforms-79-field_3\">Subject<\/label><input type=\"text\" id=\"wpforms-79-field_3\" class=\"wpforms-field-large\" name=\"wpforms[fields][3]\" aria-errormessage=\"wpforms-79-field_3-error\" ><\/div><div id=\"wpforms-79-field_4-container\" class=\"wpforms-field wpforms-field-textarea\" data-field-id=\"4\"><label class=\"wpforms-field-label\" for=\"wpforms-79-field_4\">Message <span class=\"wpforms-required-label\" aria-hidden=\"true\">*<\/span><\/label><textarea id=\"wpforms-79-field_4\" class=\"wpforms-field-large wpforms-field-required\" name=\"wpforms[fields][4]\" aria-errormessage=\"wpforms-79-field_4-error\" required><\/textarea><\/div><script>\n\t\t\t\t( function() {\n\t\t\t\t\tconst style = document.createElement( 'style' );\n\t\t\t\t\tstyle.appendChild( document.createTextNode( '#wpforms-79-field_5-container { position: absolute !important; overflow: hidden !important; display: inline !important; height: 1px !important; width: 1px !important; z-index: -1000 !important; padding: 0 !important; } #wpforms-79-field_5-container input { visibility: hidden; } #wpforms-conversational-form-page #wpforms-79-field_5-container label { counter-increment: none; }' ) );\n\t\t\t\t\tdocument.head.appendChild( style );\n\t\t\t\t\tdocument.currentScript?.remove();\n\t\t\t\t} )();\n\t\t\t<\/script><\/div><!-- .wpforms-field-container --><div class=\"wpforms-submit-container\" ><input type=\"hidden\" name=\"wpforms[id]\" value=\"79\"><input type=\"hidden\" name=\"page_title\" value=\"\"><input type=\"hidden\" name=\"page_url\" value=\"https:\/\/www.kliona.se\/en\/wp-json\/wp\/v2\/pages\/82\"><input type=\"hidden\" name=\"url_referer\" value=\"\"><button type=\"submit\" name=\"wpforms[submit]\" id=\"wpforms-submit-79\" class=\"wpforms-submit\" data-alt-text=\"Sending...\" data-submit-text=\"Submit\" aria-live=\"assertive\" value=\"wpforms-submit\">Submit<\/button><img decoding=\"async\" src=\"https:\/\/www.kliona.se\/wp-content\/plugins\/wpforms-lite\/assets\/images\/submit-spin.svg\" class=\"wpforms-submit-spinner\" style=\"display: none;\" width=\"26\" height=\"26\" alt=\"Loading\"><\/div><input type=\"hidden\" name=\"trp-form-language\" value=\"en\"\/><\/form><\/div>  <!-- .wpforms-container --><\/div>\n\n\n\n<div class=\"wp-block-column is-layout-flow wp-block-column-is-layout-flow\" style=\"flex-basis:50%\">\n<figure class=\"wp-block-image has-custom-border extendify-image-import\"><img decoding=\"async\" src=\"https:\/\/images.unsplash.com\/photo-1523240795612-9a054b0db644?ixid=M3w0MzUxNjF8MHwxfHNlYXJjaHw5fHx0ZWFtd29ya3xlbnwwfHx8fDE3NTE4NDE3NTN8MA&amp;ixlib=rb-4.1.0&amp;orientation=landscape?fit=crop&amp;crop=entropy%2Cfaces&amp;auto=format%2Ccompress\" alt=\"\" style=\"border-radius:0.5rem;aspect-ratio:3\/4;object-fit:cover\"\/><\/figure>\n<\/div>\n<\/div>\n<\/div>\n\n\n\n<div class=\"wp-block-group alignfull has-foreground-background-color has-background has-global-padding is-layout-constrained wp-block-group-is-layout-constrained\" style=\"margin-top:0;margin-bottom:0;padding-top:0;padding-bottom:0\">\n<hr class=\"wp-block-separator has-alpha-channel-opacity is-style-wide\"\/>\n<\/div>\n\n\n\n<div class=\"wp-block-group alignfull has-tertiary-background-color has-background is-layout-flow wp-container-core-group-is-layout-e3d3772b wp-block-group-is-layout-flow\" style=\"border-style:none;border-width:0px;margin-top:0;margin-bottom:0;padding-top:var(--wp--preset--spacing--60);padding-right:var(--wp--preset--spacing--40);padding-bottom:var(--wp--preset--spacing--60);padding-left:var(--wp--preset--spacing--40)\">\n<div class=\"wp-block-group has-global-padding is-layout-constrained wp-block-group-is-layout-constrained\">\n<h2 class=\"wp-block-heading has-text-align-center has-large-font-size\">We will stay with you throughout the whole process! <\/h2>\n\n\n\n<p class=\"has-text-align-center\" style=\"margin-top:16px\">Contact Kliona Consulting to discuss further how we can work together to optimise your growth and give you a helping hand!<\/p>\n<\/div>\n<\/div>","protected":false},"excerpt":{"rendered":"<p>KONTAKTA OSS! Strategisk r\u00e5dgivning f\u00f6r h\u00e5llbar framg\u00e5ng Redo att ta n\u00e4sta steg? H\u00f6r av er f\u00f6r ett kostnadsfritt introduktionssamtal och se hur vi kan st\u00f6tta er och ert f\u00f6retag. Vi finns med dig hela v\u00e4gen! Kontakta Kliona Consulting f\u00f6r att diskutera hur vi kan hj\u00e4lpa ditt f\u00f6retag att v\u00e4xa med skr\u00e4ddarsydda och h\u00e5llbara l\u00f6sningar.<\/p>","protected":false},"author":1,"featured_media":0,"parent":0,"menu_order":0,"comment_status":"closed","ping_status":"closed","template":"no-title","meta":{"footnotes":""},"class_list":["post-82","page","type-page","status-publish","hentry"],"_links":{"self":[{"href":"https:\/\/www.kliona.se\/en\/wp-json\/wp\/v2\/pages\/82","targetHints":{"allow":["GET"]}}],"collection":[{"href":"https:\/\/www.kliona.se\/en\/wp-json\/wp\/v2\/pages"}],"about":[{"href":"https:\/\/www.kliona.se\/en\/wp-json\/wp\/v2\/types\/page"}],"author":[{"embeddable":true,"href":"https:\/\/www.kliona.se\/en\/wp-json\/wp\/v2\/users\/1"}],"replies":[{"embeddable":true,"href":"https:\/\/www.kliona.se\/en\/wp-json\/wp\/v2\/comments?post=82"}],"version-history":[{"count":15,"href":"https:\/\/www.kliona.se\/en\/wp-json\/wp\/v2\/pages\/82\/revisions"}],"predecessor-version":[{"id":267,"href":"https:\/\/www.kliona.se\/en\/wp-json\/wp\/v2\/pages\/82\/revisions\/267"}],"wp:attachment":[{"href":"https:\/\/www.kliona.se\/en\/wp-json\/wp\/v2\/media?parent=82"}],"curies":[{"name":"wp","href":"https:\/\/api.w.org\/{rel}","templated":true}]}}